{"id":3075,"date":"2022-05-12T12:45:12","date_gmt":"2022-05-12T12:45:12","guid":{"rendered":"https:\/\/glf.wevox.net\/?page_id=3075"},"modified":"2022-05-13T12:27:36","modified_gmt":"2022-05-13T12:27:36","slug":"les-fayettes-2","status":"publish","type":"page","link":"https:\/\/glf.wevox.net\/index.php\/les-fayettes-2\/","title":{"rendered":"Les Fayettes"},"content":{"rendered":"\t\t<div data-elementor-type=\"wp-page\" data-elementor-id=\"3075\" class=\"elementor elementor-3075\">\n\t\t\t\t\t\t\t\t\t<section class=\"elementor-section elementor-top-section elementor-element elementor-element-495d10a elementor-section-boxed elementor-section-height-default elementor-section-height-default\" data-id=\"495d10a\" data-element_type=\"section\">\n\t\t\t\t\t\t<div class=\"elementor-container elementor-column-gap-default\">\n\t\t\t\t\t<div class=\"elementor-column elementor-col-50 elementor-top-column elementor-element elementor-element-aae469a\" data-id=\"aae469a\" data-element_type=\"column\">\n\t\t\t<div class=\"elementor-widget-wrap elementor-element-populated\">\n\t\t\t\t\t\t\t\t<div class=\"elementor-element elementor-element-45c8f83 elementor-widget elementor-widget-heading\" data-id=\"45c8f83\" data-element_type=\"widget\" data-widget_type=\"heading.default\">\n\t\t\t\t<div class=\"elementor-widget-container\">\n\t\t\t<style>\/*! elementor - v3.6.5 - 27-04-2022 *\/\n.elementor-heading-title{padding:0;margin:0;line-height:1}.elementor-widget-heading .elementor-heading-title[class*=elementor-size-]>a{color:inherit;font-size:inherit;line-height:inherit}.elementor-widget-heading .elementor-heading-title.elementor-size-small{font-size:15px}.elementor-widget-heading .elementor-heading-title.elementor-size-medium{font-size:19px}.elementor-widget-heading .elementor-heading-title.elementor-size-large{font-size:29px}.elementor-widget-heading .elementor-heading-title.elementor-size-xl{font-size:39px}.elementor-widget-heading .elementor-heading-title.elementor-size-xxl{font-size:59px}<\/style><div class=\"elementor-heading-wrapper\" ><div class=\"elementor-heading-wrapper-inner\"><h2 class=\"elementor-heading-title elementor-size-default\">Un environnement naturel qui \u00e9veille les sens<\/h2><\/div><\/div>\t\t<\/div>\n\t\t\t\t<\/div>\n\t\t\t\t<div class=\"elementor-element elementor-element-9dc6306 elementor-widget elementor-widget-text-editor\" data-id=\"9dc6306\" data-element_type=\"widget\" data-widget_type=\"text-editor.default\">\n\t\t\t\t<div class=\"elementor-widget-container\">\n\t\t\t<style>\/*! elementor - v3.6.5 - 27-04-2022 *\/\n.elementor-widget-text-editor.elementor-drop-cap-view-stacked .elementor-drop-cap{background-color:#818a91;color:#fff}.elementor-widget-text-editor.elementor-drop-cap-view-framed .elementor-drop-cap{color:#818a91;border:3px solid;background-color:transparent}.elementor-widget-text-editor:not(.elementor-drop-cap-view-default) .elementor-drop-cap{margin-top:8px}.elementor-widget-text-editor:not(.elementor-drop-cap-view-default) .elementor-drop-cap-letter{width:1em;height:1em}.elementor-widget-text-editor .elementor-drop-cap{float:left;text-align:center;line-height:1;font-size:50px}.elementor-widget-text-editor .elementor-drop-cap-letter{display:inline-block}<\/style>        <div class=\"elementor-text-editor elementor-clearfix\"><span style=\"color: #636363; font-family: Arial, sans-serif; text-align: center;\">Autour du g\u00eete des Fayettes, un terrain arbor\u00e9 avec des essences locales (h\u00eatre, \u00e9rable), des arbres fruitiers (mirabelle, pomme, quetsche) et une source d\u2019o\u00f9 s\u2019\u00e9coule un ru qui traverse la propri\u00e9t\u00e9. Autour du g\u00eete, de magnifiques for\u00eats o\u00f9 la nature a pu garder toute sa beaut\u00e9, de quoi prendre un v\u00e9ritable bol d\u2019air \u00e0 seulement 2h de Clermont-Ferrand.<\/span><\/div>\n        \t\t<\/div>\n\t\t\t\t<\/div>\n\t\t\t\t\t<\/div>\n\t\t<\/div>\n\t\t\t\t<div class=\"elementor-column elementor-col-50 elementor-top-column elementor-element elementor-element-a6c1a68\" data-id=\"a6c1a68\" data-element_type=\"column\">\n\t\t\t<div class=\"elementor-widget-wrap elementor-element-populated\">\n\t\t\t\t\t\t\t\t<div class=\"elementor-element elementor-element-bc99bd0 elementor-widget elementor-widget-image\" data-id=\"bc99bd0\" data-element_type=\"widget\" data-widget_type=\"image.default\">\n\t\t\t\t<div class=\"elementor-widget-container\">\n\t\t\t<style>\/*! elementor - v3.6.5 - 27-04-2022 *\/\n.elementor-widget-image{text-align:center}.elementor-widget-image a{display:inline-block}.elementor-widget-image a img[src$=\".svg\"]{width:48px}.elementor-widget-image img{vertical-align:middle;display:inline-block}<\/style>\t\t\t\t\t\t\t\t\t\t\t\t<img loading=\"lazy\" decoding=\"async\" width=\"600\" height=\"400\" src=\"https:\/\/glf.wevox.net\/wp-content\/uploads\/2022\/05\/DSC_7325-1024x683.jpg\" class=\"attachment-large size-large\" alt=\"\" srcset=\"https:\/\/glf.wevox.net\/wp-content\/uploads\/2022\/05\/DSC_7325-1024x683.jpg 1024w, https:\/\/glf.wevox.net\/wp-content\/uploads\/2022\/05\/DSC_7325-300x200.jpg 300w, https:\/\/glf.wevox.net\/wp-content\/uploads\/2022\/05\/DSC_7325-768x512.jpg 768w, https:\/\/glf.wevox.net\/wp-content\/uploads\/2022\/05\/DSC_7325-1536x1024.jpg 1536w, https:\/\/glf.wevox.net\/wp-content\/uploads\/2022\/05\/DSC_7325-2048x1365.jpg 2048w, https:\/\/glf.wevox.net\/wp-content\/uploads\/2022\/05\/DSC_7325-700x467.jpg 700w\" sizes=\"auto, (max-width: 600px) 100vw, 600px\" \/>\t\t\t\t\t\t\t\t\t\t\t\t\t\t\t<\/div>\n\t\t\t\t<\/div>\n\t\t\t\t\t<\/div>\n\t\t<\/div>\n\t\t\t\t\t\t\t<\/div>\n\t\t<\/section>\n\t\t\t\t<section class=\"elementor-section elementor-top-section elementor-element elementor-element-2a70551 elementor-section-boxed elementor-section-height-default elementor-section-height-default\" data-id=\"2a70551\" data-element_type=\"section\">\n\t\t\t\t\t\t<div class=\"elementor-container elementor-column-gap-default\">\n\t\t\t\t\t<div class=\"elementor-column elementor-col-100 elementor-top-column elementor-element elementor-element-ce36aa8\" data-id=\"ce36aa8\" data-element_type=\"column\">\n\t\t\t<div class=\"elementor-widget-wrap elementor-element-populated\">\n\t\t\t\t\t\t\t\t<div class=\"elementor-element elementor-element-c9a7785 elementor-widget elementor-widget-spacer\" data-id=\"c9a7785\" data-element_type=\"widget\" data-widget_type=\"spacer.default\">\n\t\t\t\t<div class=\"elementor-widget-container\">\n\t\t\t<style>\/*! elementor - v3.6.5 - 27-04-2022 *\/\n.e-container.e-container--row .elementor-spacer-inner{width:var(--spacer-size)}.e-container.e-container--column .elementor-spacer-inner,.elementor-column .elementor-spacer-inner{height:var(--spacer-size)}<\/style>        <div class=\"elementor-spacer\">\n            <div class=\"elementor-spacer-inner\"><\/div>\n        <\/div>\n\t\t\t\t<\/div>\n\t\t\t\t<\/div>\n\t\t\t\t\t<\/div>\n\t\t<\/div>\n\t\t\t\t\t\t\t<\/div>\n\t\t<\/section>\n\t\t\t\t<section class=\"elementor-section elementor-top-section elementor-element elementor-element-42e22639 elementor-section-boxed elementor-section-height-default elementor-section-height-default\" data-id=\"42e22639\" data-element_type=\"section\">\n\t\t\t\t\t\t<div class=\"elementor-container elementor-column-gap-default\">\n\t\t\t\t\t<div class=\"elementor-column elementor-col-100 elementor-top-column elementor-element elementor-element-16d1ad37 animated-fast elementor-invisible\" data-id=\"16d1ad37\" data-element_type=\"column\" data-settings=\"{&quot;animation&quot;:&quot;opal-move-up&quot;}\">\n\t\t\t<div class=\"elementor-widget-wrap elementor-element-populated\">\n\t\t\t\t\t\t\t\t<div class=\"elementor-element elementor-element-29238402 elementor-widget elementor-widget-spacer\" data-id=\"29238402\" data-element_type=\"widget\" data-widget_type=\"spacer.default\">\n\t\t\t\t<div class=\"elementor-widget-container\">\n\t\t\t        <div class=\"elementor-spacer\">\n            <div class=\"elementor-spacer-inner\"><\/div>\n        <\/div>\n\t\t\t\t<\/div>\n\t\t\t\t<\/div>\n\t\t\t\t<div class=\"elementor-element elementor-element-44aef94d elementor-widget elementor-widget-heading\" data-id=\"44aef94d\" data-element_type=\"widget\" data-widget_type=\"heading.default\">\n\t\t\t\t<div class=\"elementor-widget-container\">\n\t\t\t<div class=\"elementor-heading-wrapper\" ><div class=\"elementor-heading-wrapper-inner\"><h3 class=\"elementor-heading-title elementor-size-default\">Une piscine int\u00e9rieure chauff\u00e9e<\/h3><\/div><\/div>\t\t<\/div>\n\t\t\t\t<\/div>\n\t\t\t\t<div class=\"elementor-element elementor-element-7aa072e0 animated-fast elementor-invisible elementor-widget elementor-widget-image\" data-id=\"7aa072e0\" data-element_type=\"widget\" data-settings=\"{&quot;_animation&quot;:&quot;opal-move-up&quot;}\" data-widget_type=\"image.default\">\n\t\t\t\t<div class=\"elementor-widget-container\">\n\t\t\t\t\t\t\t\t\t\t\t\t\t\t\t<img loading=\"lazy\" decoding=\"async\" width=\"1920\" height=\"800\" src=\"https:\/\/glf.wevox.net\/wp-content\/uploads\/2022\/05\/le-gite-piscine_interieure_3.webp\" class=\"attachment-2048x2048 size-2048x2048\" alt=\"Piscine int\u00e9rieure\" srcset=\"https:\/\/glf.wevox.net\/wp-content\/uploads\/2022\/05\/le-gite-piscine_interieure_3.webp 1920w, https:\/\/glf.wevox.net\/wp-content\/uploads\/2022\/05\/le-gite-piscine_interieure_3-300x125.webp 300w, https:\/\/glf.wevox.net\/wp-content\/uploads\/2022\/05\/le-gite-piscine_interieure_3-1024x427.webp 1024w, https:\/\/glf.wevox.net\/wp-content\/uploads\/2022\/05\/le-gite-piscine_interieure_3-768x320.webp 768w, https:\/\/glf.wevox.net\/wp-content\/uploads\/2022\/05\/le-gite-piscine_interieure_3-1536x640.webp 1536w, https:\/\/glf.wevox.net\/wp-content\/uploads\/2022\/05\/le-gite-piscine_interieure_3-700x292.webp 700w\" sizes=\"auto, (max-width: 1920px) 100vw, 1920px\" \/>\t\t\t\t\t\t\t\t\t\t\t\t\t\t\t<\/div>\n\t\t\t\t<\/div>\n\t\t\t\t\t<\/div>\n\t\t<\/div>\n\t\t\t\t\t\t\t<\/div>\n\t\t<\/section>\n\t\t\t\t<section class=\"elementor-section elementor-top-section elementor-element elementor-element-58ae858 elementor-section-boxed elementor-section-height-default elementor-section-height-default\" data-id=\"58ae858\" data-element_type=\"section\">\n\t\t\t\t\t\t<div class=\"elementor-container elementor-column-gap-default\">\n\t\t\t\t\t<div class=\"elementor-column elementor-col-100 elementor-top-column elementor-element elementor-element-62b1101\" data-id=\"62b1101\" data-element_type=\"column\">\n\t\t\t<div class=\"elementor-widget-wrap elementor-element-populated\">\n\t\t\t\t\t\t\t\t<div class=\"elementor-element elementor-element-7b9d7c8 elementor-widget elementor-widget-spacer\" data-id=\"7b9d7c8\" data-element_type=\"widget\" data-widget_type=\"spacer.default\">\n\t\t\t\t<div class=\"elementor-widget-container\">\n\t\t\t        <div class=\"elementor-spacer\">\n            <div class=\"elementor-spacer-inner\"><\/div>\n        <\/div>\n\t\t\t\t<\/div>\n\t\t\t\t<\/div>\n\t\t\t\t\t<\/div>\n\t\t<\/div>\n\t\t\t\t\t\t\t<\/div>\n\t\t<\/section>\n\t\t\t\t\t\t\t<\/div>\n\t\t","protected":false},"excerpt":{"rendered":"<p>Un environnement naturel qui \u00e9veille les sens Autour du g\u00eete des Fayettes, un terrain arbor\u00e9 avec des essences locales (h\u00eatre, \u00e9rable), des arbres fruitiers (mirabelle, pomme, quetsche) et une source d\u2019o\u00f9 s\u2019\u00e9coule un ru qui traverse la propri\u00e9t\u00e9. Autour du g\u00eete, de magnifiques for\u00eats o\u00f9 la nature a pu garder toute sa beaut\u00e9, de quoi &hellip; <\/p>\n<p class=\"link-more\"><a href=\"https:\/\/glf.wevox.net\/index.php\/les-fayettes-2\/\" class=\"more-link\">Read More <span class=\"screen-reader-text\"> \u00ab\u00a0Les Fayettes\u00a0\u00bb<\/span><\/a><\/p>\n","protected":false},"author":1,"featured_media":0,"parent":0,"menu_order":0,"comment_status":"closed","ping_status":"closed","template":"","meta":{"inline_featured_image":false,"_mi_skip_tracking":false,"footnotes":""},"class_list":["post-3075","page","type-page","status-publish","hentry"],"_links":{"self":[{"href":"https:\/\/glf.wevox.net\/index.php\/wp-json\/wp\/v2\/pages\/3075","targetHints":{"allow":["GET"]}}],"collection":[{"href":"https:\/\/glf.wevox.net\/index.php\/wp-json\/wp\/v2\/pages"}],"about":[{"href":"https:\/\/glf.wevox.net\/index.php\/wp-json\/wp\/v2\/types\/page"}],"author":[{"embeddable":true,"href":"https:\/\/glf.wevox.net\/index.php\/wp-json\/wp\/v2\/users\/1"}],"replies":[{"embeddable":true,"href":"https:\/\/glf.wevox.net\/index.php\/wp-json\/wp\/v2\/comments?post=3075"}],"version-history":[{"count":28,"href":"https:\/\/glf.wevox.net\/index.php\/wp-json\/wp\/v2\/pages\/3075\/revisions"}],"predecessor-version":[{"id":3243,"href":"https:\/\/glf.wevox.net\/index.php\/wp-json\/wp\/v2\/pages\/3075\/revisions\/3243"}],"wp:attachment":[{"href":"https:\/\/glf.wevox.net\/index.php\/wp-json\/wp\/v2\/media?parent=3075"}],"curies":[{"name":"wp","href":"https:\/\/api.w.org\/{rel}","templated":true}]}}