{"id":2480,"date":"2022-05-09T13:40:30","date_gmt":"2022-05-09T13:40:30","guid":{"rendered":"https:\/\/glf.wevox.net\/?page_id=2480"},"modified":"2022-05-11T15:58:01","modified_gmt":"2022-05-11T15:58:01","slug":"galerie","status":"publish","type":"page","link":"https:\/\/glf.wevox.net\/index.php\/galerie\/","title":{"rendered":"Galerie"},"content":{"rendered":"\t\t<div data-elementor-type=\"wp-page\" data-elementor-id=\"2480\" class=\"elementor elementor-2480\">\n\t\t\t\t\t\t\t\t\t<section class=\"elementor-section elementor-top-section elementor-element elementor-element-de419e7 elementor-section-boxed elementor-section-height-default elementor-section-height-default\" data-id=\"de419e7\" data-element_type=\"section\">\n\t\t\t\t\t\t<div class=\"elementor-container elementor-column-gap-default\">\n\t\t\t\t\t<div class=\"elementor-column elementor-col-100 elementor-top-column elementor-element elementor-element-3ef7ac5\" data-id=\"3ef7ac5\" data-element_type=\"column\">\n\t\t\t<div class=\"elementor-widget-wrap elementor-element-populated\">\n\t\t\t\t\t\t\t\t<div class=\"elementor-element elementor-element-596c12c elementor-widget elementor-widget-text-editor\" data-id=\"596c12c\" data-element_type=\"widget\" data-widget_type=\"text-editor.default\">\n\t\t\t\t<div class=\"elementor-widget-container\">\n\t\t\t<style>\/*! elementor - v3.6.5 - 27-04-2022 *\/\n.elementor-widget-text-editor.elementor-drop-cap-view-stacked .elementor-drop-cap{background-color:#818a91;color:#fff}.elementor-widget-text-editor.elementor-drop-cap-view-framed .elementor-drop-cap{color:#818a91;border:3px solid;background-color:transparent}.elementor-widget-text-editor:not(.elementor-drop-cap-view-default) .elementor-drop-cap{margin-top:8px}.elementor-widget-text-editor:not(.elementor-drop-cap-view-default) .elementor-drop-cap-letter{width:1em;height:1em}.elementor-widget-text-editor .elementor-drop-cap{float:left;text-align:center;line-height:1;font-size:50px}.elementor-widget-text-editor .elementor-drop-cap-letter{display:inline-block}<\/style>        <div class=\"elementor-text-editor elementor-clearfix\"><p><strong>Une maison de caract\u00e8re en pierres du pays en pleine nature ! D\u00e9couvrez en images le domaine Les Fayettes, ses terrains bois\u00e9s et le charme des alentours.<\/strong><\/p><\/div>\n        \t\t<\/div>\n\t\t\t\t<\/div>\n\t\t\t\t\t<\/div>\n\t\t<\/div>\n\t\t\t\t\t\t\t<\/div>\n\t\t<\/section>\n\t\t\t\t<section class=\"elementor-section elementor-top-section elementor-element elementor-element-315c933 elementor-section-boxed elementor-section-height-default elementor-section-height-default\" data-id=\"315c933\" data-element_type=\"section\">\n\t\t\t\t\t\t<div class=\"elementor-container elementor-column-gap-default\">\n\t\t\t\t\t<div class=\"elementor-column elementor-col-100 elementor-top-column elementor-element elementor-element-4266c90\" data-id=\"4266c90\" data-element_type=\"column\">\n\t\t\t<div class=\"elementor-widget-wrap\">\n\t\t\t\t\t\t\t\t\t<\/div>\n\t\t<\/div>\n\t\t\t\t\t\t\t<\/div>\n\t\t<\/section>\n\t\t\t\t<section class=\"elementor-section elementor-top-section elementor-element elementor-element-97de380 elementor-section-boxed elementor-section-height-default elementor-section-height-default\" data-id=\"97de380\" data-element_type=\"section\">\n\t\t\t\t\t\t<div class=\"elementor-container elementor-column-gap-default\">\n\t\t\t\t\t<div class=\"elementor-column elementor-col-100 elementor-top-column elementor-element elementor-element-0a46a7f\" data-id=\"0a46a7f\" data-element_type=\"column\">\n\t\t\t<div class=\"elementor-widget-wrap elementor-element-populated\">\n\t\t\t\t\t\t\t\t<div class=\"elementor-element elementor-element-750073d elementor-widget elementor-widget-opal-image-gallery\" data-id=\"750073d\" data-element_type=\"widget\" data-widget_type=\"opal-image-gallery.default\">\n\t\t\t\t<div class=\"elementor-widget-container\">\n\t\t\t\n        <div class=\"elementor-opal-image-gallery\">\n            <div class=\"row grid isotope-grid\" data-elementor-columns=\"3\">\n                                    <div class=\"column-item grid__item masonry-item __all gallery_group_0\">\n                        <a data-elementor-open-lightbox=\"no\"                            href=\"https:\/\/glf.wevox.net\/wp-content\/uploads\/2022\/05\/DSC_7202-scaled.jpg\">\n                            <img decoding=\"async\" src=\"https:\/\/glf.wevox.net\/wp-content\/uploads\/2022\/05\/DSC_7202-1536x1024.jpg\"\n                                 alt=\"DSC_7202\"\/>\n                            <div class=\"gallery-item-overlay\">\n                                <i class=\"opal-icon-search\"><\/i>\n                            <\/div>\n                        <\/a>\n                    <\/div>\n                                        <div class=\"column-item grid__item masonry-item __all gallery_group_0\">\n                        <a data-elementor-open-lightbox=\"no\"                            href=\"https:\/\/glf.wevox.net\/wp-content\/uploads\/2022\/05\/DSC_7348-scaled.jpg\">\n                            <img decoding=\"async\" src=\"https:\/\/glf.wevox.net\/wp-content\/uploads\/2022\/05\/DSC_7348-1536x1024.jpg\"\n                                 alt=\"DSC_7348\"\/>\n                            <div class=\"gallery-item-overlay\">\n                                <i class=\"opal-icon-search\"><\/i>\n                            <\/div>\n                        <\/a>\n                    <\/div>\n                                        <div class=\"column-item grid__item masonry-item __all gallery_group_0\">\n                        <a data-elementor-open-lightbox=\"no\"                            href=\"https:\/\/glf.wevox.net\/wp-content\/uploads\/2022\/05\/DSC_7344-scaled.jpg\">\n                            <img decoding=\"async\" src=\"https:\/\/glf.wevox.net\/wp-content\/uploads\/2022\/05\/DSC_7344-1536x1024.jpg\"\n                                 alt=\"DSC_7344\"\/>\n                            <div class=\"gallery-item-overlay\">\n                                <i class=\"opal-icon-search\"><\/i>\n                            <\/div>\n                        <\/a>\n                    <\/div>\n                                        <div class=\"column-item grid__item masonry-item __all gallery_group_0\">\n                        <a data-elementor-open-lightbox=\"no\"                            href=\"https:\/\/glf.wevox.net\/wp-content\/uploads\/2022\/05\/DSC_7325-scaled.jpg\">\n                            <img decoding=\"async\" src=\"https:\/\/glf.wevox.net\/wp-content\/uploads\/2022\/05\/DSC_7325-1536x1024.jpg\"\n                                 alt=\"DSC_7325\"\/>\n                            <div class=\"gallery-item-overlay\">\n                                <i class=\"opal-icon-search\"><\/i>\n                            <\/div>\n                        <\/a>\n                    <\/div>\n                                        <div class=\"column-item grid__item masonry-item __all gallery_group_0\">\n                        <a data-elementor-open-lightbox=\"no\"                            href=\"https:\/\/glf.wevox.net\/wp-content\/uploads\/2022\/05\/DSC_7320-scaled.jpg\">\n                            <img decoding=\"async\" src=\"https:\/\/glf.wevox.net\/wp-content\/uploads\/2022\/05\/DSC_7320-1536x1024.jpg\"\n                                 alt=\"DSC_7320\"\/>\n                            <div class=\"gallery-item-overlay\">\n                                <i class=\"opal-icon-search\"><\/i>\n                            <\/div>\n                        <\/a>\n                    <\/div>\n                                        <div class=\"column-item grid__item masonry-item __all gallery_group_0\">\n                        <a data-elementor-open-lightbox=\"no\"                            href=\"https:\/\/glf.wevox.net\/wp-content\/uploads\/2022\/05\/DSC_7309-scaled.jpg\">\n                            <img decoding=\"async\" src=\"https:\/\/glf.wevox.net\/wp-content\/uploads\/2022\/05\/DSC_7309-1536x1024.jpg\"\n                                 alt=\"Framboises\"\/>\n                            <div class=\"gallery-item-overlay\">\n                                <i class=\"opal-icon-search\"><\/i>\n                            <\/div>\n                        <\/a>\n                    <\/div>\n                                        <div class=\"column-item grid__item masonry-item __all gallery_group_0\">\n                        <a data-elementor-open-lightbox=\"no\"                            href=\"https:\/\/glf.wevox.net\/wp-content\/uploads\/2022\/05\/DSC_7257-scaled.jpg\">\n                            <img decoding=\"async\" src=\"https:\/\/glf.wevox.net\/wp-content\/uploads\/2022\/05\/DSC_7257-1536x1024.jpg\"\n                                 alt=\"Fleurs\"\/>\n                            <div class=\"gallery-item-overlay\">\n                                <i class=\"opal-icon-search\"><\/i>\n                            <\/div>\n                        <\/a>\n                    <\/div>\n                                        <div class=\"column-item grid__item masonry-item __all gallery_group_0\">\n                        <a data-elementor-open-lightbox=\"no\"                            href=\"https:\/\/glf.wevox.net\/wp-content\/uploads\/2022\/05\/DSC_7240-scaled.jpg\">\n                            <img decoding=\"async\" src=\"https:\/\/glf.wevox.net\/wp-content\/uploads\/2022\/05\/DSC_7240-1536x1024.jpg\"\n                                 alt=\"En pleine nature\"\/>\n                            <div class=\"gallery-item-overlay\">\n                                <i class=\"opal-icon-search\"><\/i>\n                            <\/div>\n                        <\/a>\n                    <\/div>\n                                        <div class=\"column-item grid__item masonry-item __all gallery_group_0\">\n                        <a data-elementor-open-lightbox=\"no\"                            href=\"https:\/\/glf.wevox.net\/wp-content\/uploads\/2022\/05\/DSC_7224-scaled.jpg\">\n                            <img decoding=\"async\" src=\"https:\/\/glf.wevox.net\/wp-content\/uploads\/2022\/05\/DSC_7224-1536x1024.jpg\"\n                                 alt=\"La d\u00e9tente \u00e0 l&#039;ombre des arbres\"\/>\n                            <div class=\"gallery-item-overlay\">\n                                <i class=\"opal-icon-search\"><\/i>\n                            <\/div>\n                        <\/a>\n                    <\/div>\n                                        <div class=\"column-item grid__item masonry-item __all gallery_group_0\">\n                        <a data-elementor-open-lightbox=\"no\"                            href=\"https:\/\/glf.wevox.net\/wp-content\/uploads\/2022\/05\/DSC_7189-scaled.jpg\">\n                            <img decoding=\"async\" src=\"https:\/\/glf.wevox.net\/wp-content\/uploads\/2022\/05\/DSC_7189-1536x1024.jpg\"\n                                 alt=\"Un g\u00eete d&#039;exception\"\/>\n                            <div class=\"gallery-item-overlay\">\n                                <i class=\"opal-icon-search\"><\/i>\n                            <\/div>\n                        <\/a>\n                    <\/div>\n                                        <div class=\"column-item grid__item masonry-item __all gallery_group_0\">\n                        <a data-elementor-open-lightbox=\"no\"                            href=\"https:\/\/glf.wevox.net\/wp-content\/uploads\/revslider\/slider-home1-1\/DSC_7189-scaled.jpg\">\n                            <img decoding=\"async\" src=\"https:\/\/glf.wevox.net\/wp-content\/uploads\/revslider\/slider-home1-1\/DSC_7189-scaled-1536x1024.jpg\"\n                                 alt=\"DSC_7189-scaled.jpg\"\/>\n                            <div class=\"gallery-item-overlay\">\n                                <i class=\"opal-icon-search\"><\/i>\n                            <\/div>\n                        <\/a>\n                    <\/div>\n                                        <div class=\"column-item grid__item masonry-item __all gallery_group_0\">\n                        <a data-elementor-open-lightbox=\"no\"                            href=\"https:\/\/glf.wevox.net\/wp-content\/uploads\/revslider\/slider-home1-1\/DSC_7320-scaled.jpg\">\n                            <img decoding=\"async\" src=\"https:\/\/glf.wevox.net\/wp-content\/uploads\/revslider\/slider-home1-1\/DSC_7320-scaled-1536x1024.jpg\"\n                                 alt=\"DSC_7320-scaled.jpg\"\/>\n                            <div class=\"gallery-item-overlay\">\n                                <i class=\"opal-icon-search\"><\/i>\n                            <\/div>\n                        <\/a>\n                    <\/div>\n                                        <div class=\"column-item grid__item masonry-item __all gallery_group_0\">\n                        <a data-elementor-open-lightbox=\"no\"                            href=\"https:\/\/glf.wevox.net\/wp-content\/uploads\/revslider\/slider-home1-1\/DSC_7224-scaled.jpg\">\n                            <img decoding=\"async\" src=\"https:\/\/glf.wevox.net\/wp-content\/uploads\/revslider\/slider-home1-1\/DSC_7224-scaled-1536x1024.jpg\"\n                                 alt=\"DSC_7224-scaled.jpg\"\/>\n                            <div class=\"gallery-item-overlay\">\n                                <i class=\"opal-icon-search\"><\/i>\n                            <\/div>\n                        <\/a>\n                    <\/div>\n                                        <div class=\"column-item grid__item masonry-item __all gallery_group_0\">\n                        <a data-elementor-open-lightbox=\"no\"                            href=\"https:\/\/glf.wevox.net\/wp-content\/uploads\/2022\/05\/DSC_7296-scaled.jpg\">\n                            <img decoding=\"async\" src=\"https:\/\/glf.wevox.net\/wp-content\/uploads\/2022\/05\/DSC_7296-1536x1024.jpg\"\n                                 alt=\"Potager bio\"\/>\n                            <div class=\"gallery-item-overlay\">\n                                <i class=\"opal-icon-search\"><\/i>\n                            <\/div>\n                        <\/a>\n                    <\/div>\n                                        <div class=\"column-item grid__item masonry-item __all gallery_group_0\">\n                        <a data-elementor-open-lightbox=\"no\"                            href=\"https:\/\/glf.wevox.net\/wp-content\/uploads\/2022\/05\/alentours-du-gite-jardin-e1560263527284.webp\">\n                            <img decoding=\"async\" src=\"https:\/\/glf.wevox.net\/wp-content\/uploads\/2022\/05\/alentours-du-gite-jardin-e1560263527284.webp\"\n                                 alt=\"Jardin-potager\"\/>\n                            <div class=\"gallery-item-overlay\">\n                                <i class=\"opal-icon-search\"><\/i>\n                            <\/div>\n                        <\/a>\n                    <\/div>\n                                <\/div>\n        <\/div>\n        \t\t<\/div>\n\t\t\t\t<\/div>\n\t\t\t\t\t<\/div>\n\t\t<\/div>\n\t\t\t\t\t\t\t<\/div>\n\t\t<\/section>\n\t\t\t\t\t\t\t<\/div>\n\t\t","protected":false},"excerpt":{"rendered":"<p>Une maison de caract\u00e8re en pierres du pays en pleine nature ! D\u00e9couvrez en images le domaine Les Fayettes, ses terrains bois\u00e9s et le charme des alentours.<\/p>\n","protected":false},"author":1,"featured_media":0,"parent":0,"menu_order":0,"comment_status":"closed","ping_status":"closed","template":"","meta":{"inline_featured_image":false,"_mi_skip_tracking":false,"footnotes":""},"class_list":["post-2480","page","type-page","status-publish","hentry"],"_links":{"self":[{"href":"https:\/\/glf.wevox.net\/index.php\/wp-json\/wp\/v2\/pages\/2480","targetHints":{"allow":["GET"]}}],"collection":[{"href":"https:\/\/glf.wevox.net\/index.php\/wp-json\/wp\/v2\/pages"}],"about":[{"href":"https:\/\/glf.wevox.net\/index.php\/wp-json\/wp\/v2\/types\/page"}],"author":[{"embeddable":true,"href":"https:\/\/glf.wevox.net\/index.php\/wp-json\/wp\/v2\/users\/1"}],"replies":[{"embeddable":true,"href":"https:\/\/glf.wevox.net\/index.php\/wp-json\/wp\/v2\/comments?post=2480"}],"version-history":[{"count":12,"href":"https:\/\/glf.wevox.net\/index.php\/wp-json\/wp\/v2\/pages\/2480\/revisions"}],"predecessor-version":[{"id":2988,"href":"https:\/\/glf.wevox.net\/index.php\/wp-json\/wp\/v2\/pages\/2480\/revisions\/2988"}],"wp:attachment":[{"href":"https:\/\/glf.wevox.net\/index.php\/wp-json\/wp\/v2\/media?parent=2480"}],"curies":[{"name":"wp","href":"https:\/\/api.w.org\/{rel}","templated":true}]}}